{"id":68,"date":"2021-04-02T11:38:51","date_gmt":"2021-04-02T10:38:51","guid":{"rendered":"http:\/\/supervision-pontius.de\/?page_id=68"},"modified":"2026-03-22T18:58:14","modified_gmt":"2026-03-22T17:58:14","slug":"aktuelles-2","status":"publish","type":"page","link":"https:\/\/supervision-pontius.de\/?page_id=68","title":{"rendered":"Aktuelles"},"content":{"rendered":"\n<p>Herzliche Einladung zum <strong>Sommerwochenende &#8222;Bildhauerei und (Selbst)Reflexion <\/strong>in Grumbach\/Sachsen 2026<\/p>\n\n\n\n<p><a href=\"https:\/\/www.eeb-sachsen.de\/mit-kopf-herz-und-hand.html\">Ausschreibung EEB Sachsen<\/a><\/p>\n\n\n\n<p><\/p>\n\n\n\n<p>Herzliche Einladung zum <strong>Sommerwochenende &#8222;Bildhauerei und (Selbst)Reflexion <\/strong>in Dresden 2025<\/p>\n\n\n\n<p><a href=\"http:\/\/supervision-pontius.de\/wp-content\/uploads\/2025\/04\/25-01-13-Text-fuer-Internetseite.pdf\" data-type=\"URL\" data-id=\"http:\/\/supervision-pontius.de\/wp-content\/uploads\/2025\/04\/25-01-13-Text-fuer-Internetseite.pdf\">Ausschreibung Bildhauerworkshop<\/a><\/p>\n\n\n\n<p><strong>&#8222;VOM KOPF IN DIE H\u00c4NDE UND ZUR\u00dcC<\/strong>K&#8220;<br>Bildhauerei und Reflexion zur F\u00f6rderung von Kreativit\u00e4t und Selbsterfahrung<\/p>\n\n\n\n<p>Wir kommen gerne zu Ihnen. Mehr Infos hier:<\/p>\n\n\n\n<div class=\"wp-block-file\"><a id=\"wp-block-file--media-30d50e35-8d00-4495-ba67-0ba2a35c1e30\" href=\"http:\/\/supervision-pontius.de\/wp-content\/uploads\/2023\/12\/23-10-27-Flyer-Bildhauern-und-Reflexion-Angebot-2-2.pdf\">Flyer Bildhauern und Reflexion<\/a><\/div>\n\n\n\n<p>Oder Sie kommen zu uns. Anmeldung zum n\u00e4chsten Workshop <a href=\"https:\/\/www.eeb-sachsen.de\/vom-kopf-in-die-h%C3%A4nde-und-zur%C3%BCck.html\">hier<\/a>.<\/p>\n\n\n\n<p>***<\/p>\n\n\n\n<p><strong>NATUR &#8211; KREATIVIT\u00c4T &#8211; SELBSTERFAHRUNG<\/strong> <br>Bildhauerworkshop im Mei\u00dfner Elbland <br>mit Reinhard und Tabea Pontius<br>Himmelfahrt 2023 \/ Do 18. Mai, 14 Uhr \u2013 So 21.Mai, 12 Uhr<\/p>\n\n\n\n<p>Mehr Informationen finden Sie in <a href=\"http:\/\/supervision-pontius.de\/wp-content\/uploads\/2023\/01\/Kreativworkshop-Reinhard-und-Tabea-2023.pdf\" target=\"_blank\" rel=\"noreferrer noopener\">diesem Flyer<\/a>.<\/p>\n\n\n\n<p>***<\/p>\n\n\n\n<p><strong>DRESDNER MODELL <\/strong>&#8211; Wohlf\u00fchlen, Wahrnehmen, Wachsen<\/p>\n\n\n\n<p>Schulungen zum Qualit\u00e4tsentwicklungsverfahren f\u00fcr den Krippenbereich, das kindliches Wohlbefinden zum Ausgangspunkt p\u00e4dagogischen Handelns macht:<\/p>\n\n\n\n<p><a rel=\"noreferrer noopener\" href=\"https:\/\/www.kita-bildungsserver.de\/fortbildungen\/fortbildungskalender\/fortbildungskalender-detailanzeige\/?tid=7106\" target=\"_blank\">Hier finden Sie Informationen zur Instrumenten-Schulung ab April 2023 \u00fcber LJA<\/a>.<\/p>\n\n\n\n<p><a href=\"https:\/\/www.ehs-dresden.de\/weiterbildung\/seminare\/details\/?tx_seminars_pi1%5BshowUid%5D=779\" target=\"_blank\" rel=\"noreferrer noopener\">Hier finden Sie Informationen zur Schulung von Multiplikator*innen ab September 2023 \u00fcber sofi\/ Evangelische Hochschule Dresden<\/a>.<\/p>\n\n\n\n<p>***<\/p>\n\n\n\n<p>Systemisch arbeiten in Krippe, Kita und Hort: Berufsbegleitende Weiterbildung <a rel=\"noreferrer noopener\" href=\"https:\/\/www.hszg.de\/lebenslanges-lernen\/weiterbildungsangebote\/systemische-weiterbildungen\/systemisch-arbeiten-in-der-kita-2021-2022\" target=\"_blank\">von September 2021 bis Mai 2022<\/a>.<\/p>\n\n\n\n<div class=\"wp-block-file\"><a id=\"wp-block-file--media-96957456-90d8-4503-8623-0dfe036ac193\" href=\"http:\/\/supervision-pontius.de\/wp-content\/uploads\/2021\/04\/2021-09FlyerKita-1.pdf\" target=\"_blank\" rel=\"noreferrer noopener\">Flyer Kitakurs<\/a><a href=\"http:\/\/supervision-pontius.de\/wp-content\/uploads\/2021\/04\/2021-09FlyerKita-1.pdf\" class=\"wp-block-file__button wp-element-button\" download aria-describedby=\"wp-block-file--media-96957456-90d8-4503-8623-0dfe036ac193\">Herunterladen<\/a><\/div>\n\n\n\n<p>Kindheitsp\u00e4dagogik weiterdenken: Arbeit mit und in heterogenen Teams. Zertifikatskurs September \u2013 Dezember 2019<\/p>\n\n\n\n<div class=\"wp-block-file\"><a id=\"wp-block-file--media-2e6a802d-505d-4597-aa01-66ee5cdff144\" href=\"https:\/\/supervision-pontius.de\/wp-content\/uploads\/2019\/09\/Flyer-Kindheitspa\u0308dagogik.pdf\" target=\"_blank\" rel=\"noreferrer noopener\">Flyer Kindheitspa\u0308dagogik<\/a><a href=\"https:\/\/supervision-pontius.de\/wp-content\/uploads\/2019\/09\/Flyer-Kindheitspa\u0308dagogik.pdf\" class=\"wp-block-file__button wp-element-button\" download aria-describedby=\"wp-block-file--media-2e6a802d-505d-4597-aa01-66ee5cdff144\">Herunterladen<\/a><\/div>\n\n\n\n<p><\/p>\n\n\n\n<p><\/p>\n\n\n\n<p><\/p>\n","protected":false},"excerpt":{"rendered":"<p>Herzliche Einladung zum Sommerwochenende &#8222;Bildhauerei und (Selbst)Reflexion in Grumbach\/Sachsen 2026 Ausschreibung EEB Sachsen Herzliche Einladung zum Sommerwochenende &#8222;Bildhauerei und (Selbst)Reflexion in Dresden 2025 Ausschreibung Bildhauerworkshop &#8222;VOM KOPF IN DIE H\u00c4NDE UND ZUR\u00dcCK&#8220;Bildhauerei und Reflexion zur F\u00f6rderung von Kreativit\u00e4t und Selbsterfahrung Wir kommen gerne zu Ihnen. Mehr Infos hier: Oder Sie kommen zu uns. Anmeldung zum &hellip; <\/p>\n<p class=\"link-more\"><a href=\"https:\/\/supervision-pontius.de\/?page_id=68\" class=\"more-link\"><span class=\"screen-reader-text\">\u201eAktuelles\u201c <\/span>weiterlesen<\/a><\/p>\n","protected":false},"author":1,"featured_media":0,"parent":0,"menu_order":4,"comment_status":"closed","ping_status":"closed","template":"","meta":{"footnotes":""},"class_list":["post-68","page","type-page","status-publish","hentry","entry"],"_links":{"self":[{"href":"https:\/\/supervision-pontius.de\/index.php?rest_route=\/wp\/v2\/pages\/68","targetHints":{"allow":["GET"]}}],"collection":[{"href":"https:\/\/supervision-pontius.de\/index.php?rest_route=\/wp\/v2\/pages"}],"about":[{"href":"https:\/\/supervision-pontius.de\/index.php?rest_route=\/wp\/v2\/types\/page"}],"author":[{"embeddable":true,"href":"https:\/\/supervision-pontius.de\/index.php?rest_route=\/wp\/v2\/users\/1"}],"replies":[{"embeddable":true,"href":"https:\/\/supervision-pontius.de\/index.php?rest_route=%2Fwp%2Fv2%2Fcomments&post=68"}],"version-history":[{"count":22,"href":"https:\/\/supervision-pontius.de\/index.php?rest_route=\/wp\/v2\/pages\/68\/revisions"}],"predecessor-version":[{"id":140,"href":"https:\/\/supervision-pontius.de\/index.php?rest_route=\/wp\/v2\/pages\/68\/revisions\/140"}],"wp:attachment":[{"href":"https:\/\/supervision-pontius.de\/index.php?rest_route=%2Fwp%2Fv2%2Fmedia&parent=68"}],"curies":[{"name":"wp","href":"https:\/\/api.w.org\/{rel}","templated":true}]}}