{"id":59,"date":"2021-04-02T11:20:15","date_gmt":"2021-04-02T10:20:15","guid":{"rendered":"http:\/\/supervision-pontius.de\/?page_id=59"},"modified":"2021-04-02T12:09:00","modified_gmt":"2021-04-02T11:09:00","slug":"ueber-mich","status":"publish","type":"page","link":"https:\/\/supervision-pontius.de\/?page_id=59","title":{"rendered":"\u00dcber mich"},"content":{"rendered":"\n<figure class=\"wp-block-image is-resized\"><img loading=\"lazy\" decoding=\"async\" src=\"http:\/\/supervision-pontius.de\/wp-content\/uploads\/2019\/08\/ZFWB_Tabea-Pontius-\u00a9-Foto-David-Nuglisch-300x214.jpg\" alt=\"\" class=\"wp-image-10\" width=\"640\" height=\"457\" srcset=\"https:\/\/supervision-pontius.de\/wp-content\/uploads\/2019\/08\/ZFWB_Tabea-Pontius-\u00a9-Foto-David-Nuglisch-300x214.jpg 300w, https:\/\/supervision-pontius.de\/wp-content\/uploads\/2019\/08\/ZFWB_Tabea-Pontius-\u00a9-Foto-David-Nuglisch-768x548.jpg 768w, https:\/\/supervision-pontius.de\/wp-content\/uploads\/2019\/08\/ZFWB_Tabea-Pontius-\u00a9-Foto-David-Nuglisch.jpg 1024w\" sizes=\"auto, (max-width: 640px) 100vw, 640px\" \/><figcaption>\u00a9 David Nuglisch<\/figcaption><\/figure>\n\n\n\n<p><strong>Qualifikation<\/strong><\/p>\n\n\n\n<p>Diplom-Sozialp\u00e4dagogin<\/p>\n\n\n\n<p>Systemische Beraterin\/P\u00e4dagogin (DGSP)<\/p>\n\n\n\n<p>Systemisch l\u00f6sungsorientierte Supervisorin\/Coach (DGSF)<\/p>\n\n\n\n<p>Dozentin Erwachsenenbildung (Fernstudienakademie M\u00fcnster)<\/p>\n\n\n\n<p>Themenzentrierte Interaktion (RCI Berlin)<\/p>\n\n\n\n<p><strong>Berufserfahrung<\/strong><\/p>\n\n\n\n<p>bis 1990 Krankenschwester auf internistischer Intensivstation<\/p>\n\n\n\n<p>1990-1995 Elternzeit<\/p>\n\n\n\n<p>1995-2000 Studium der Sozialp\u00e4dagogik\/Sozialarbeit<\/p>\n\n\n\n<p>2000-2001 Mitarbeiterin im Allgemeinen Sozialen Dienst<\/p>\n\n\n\n<p>2001-2005 Sozialp\u00e4dagogin in der station\u00e4ren Kinder- und Jugendhilfe<\/p>\n\n\n\n<p>2005-2016 Leiterin einer Kita in freier Tr\u00e4gerschaft<\/p>\n\n\n\n<p>seit 2013 Lehrbeauftrage an der Evang. Hochschule Dresden<\/p>\n\n\n\n<p>seit 2016 wiss. Mitarbeiterin\/Fachberaterin in der Kompetenz- und Beratungsstelle KINDER ST\u00c4RKEN am ZFWB an der Evang. Hochschule Dresden<\/p>\n\n\n\n<p>seit 2017 freiberufliche Supervisorin und Dozentin<\/p>\n\n\n\n<p><strong>Mitgliedschaften<\/strong><\/p>\n\n\n\n<p>Deutsche Gesellschaft f\u00fcr systemische Familientherapie (DGSF)<\/p>\n\n\n\n<p>Ruth-Cohn-Institut Berlin (RCI)<\/p>\n\n\n\n<p><strong>Pers\u00f6nliches<\/strong><\/p>\n\n\n\n<p>Jahrgang 1965<\/p>\n\n\n\n<p>verheiratet, 3 erwachsene Kinder<\/p>\n\n\n\n<p><\/p>\n","protected":false},"excerpt":{"rendered":"<p>Qualifikation Diplom-Sozialp\u00e4dagogin Systemische Beraterin\/P\u00e4dagogin (DGSP) Systemisch l\u00f6sungsorientierte Supervisorin\/Coach (DGSF) Dozentin Erwachsenenbildung (Fernstudienakademie M\u00fcnster) Themenzentrierte Interaktion (RCI Berlin) Berufserfahrung bis 1990 Krankenschwester auf internistischer Intensivstation 1990-1995 Elternzeit 1995-2000 Studium der Sozialp\u00e4dagogik\/Sozialarbeit 2000-2001 Mitarbeiterin im Allgemeinen Sozialen Dienst 2001-2005 Sozialp\u00e4dagogin in der station\u00e4ren Kinder- und Jugendhilfe 2005-2016 Leiterin einer Kita in freier Tr\u00e4gerschaft seit 2013 Lehrbeauftrage an &hellip; <\/p>\n<p class=\"link-more\"><a href=\"https:\/\/supervision-pontius.de\/?page_id=59\" class=\"more-link\"><span class=\"screen-reader-text\">\u201e\u00dcber mich\u201c <\/span>weiterlesen<\/a><\/p>\n","protected":false},"author":1,"featured_media":0,"parent":0,"menu_order":3,"comment_status":"closed","ping_status":"closed","template":"","meta":{"footnotes":""},"class_list":["post-59","page","type-page","status-publish","hentry","entry"],"_links":{"self":[{"href":"https:\/\/supervision-pontius.de\/index.php?rest_route=\/wp\/v2\/pages\/59","targetHints":{"allow":["GET"]}}],"collection":[{"href":"https:\/\/supervision-pontius.de\/index.php?rest_route=\/wp\/v2\/pages"}],"about":[{"href":"https:\/\/supervision-pontius.de\/index.php?rest_route=\/wp\/v2\/types\/page"}],"author":[{"embeddable":true,"href":"https:\/\/supervision-pontius.de\/index.php?rest_route=\/wp\/v2\/users\/1"}],"replies":[{"embeddable":true,"href":"https:\/\/supervision-pontius.de\/index.php?rest_route=%2Fwp%2Fv2%2Fcomments&post=59"}],"version-history":[{"count":3,"href":"https:\/\/supervision-pontius.de\/index.php?rest_route=\/wp\/v2\/pages\/59\/revisions"}],"predecessor-version":[{"id":95,"href":"https:\/\/supervision-pontius.de\/index.php?rest_route=\/wp\/v2\/pages\/59\/revisions\/95"}],"wp:attachment":[{"href":"https:\/\/supervision-pontius.de\/index.php?rest_route=%2Fwp%2Fv2%2Fmedia&parent=59"}],"curies":[{"name":"wp","href":"https:\/\/api.w.org\/{rel}","templated":true}]}}