{"id":46,"date":"2019-09-26T17:32:13","date_gmt":"2019-09-26T16:32:13","guid":{"rendered":"http:\/\/supervision-pontius.de\/?page_id=46"},"modified":"2021-04-02T11:38:36","modified_gmt":"2021-04-02T10:38:36","slug":"impressum","status":"publish","type":"page","link":"https:\/\/supervision-pontius.de\/?page_id=46","title":{"rendered":"Impressum"},"content":{"rendered":"\n<p>Verantwortlich f\u00fcr die Inhalte auf dieser Seite ist Tabea Pontius, Dresden. Die genaue Adresse k\u00f6nnen Sie gerne erfragen, siehe Kontakt. <\/p>\n\n\n\n<p>F\u00fcr die Inhalte Dritter und verlinkte Inhalte \u00fcbernehme ich keine Haftung. <\/p>\n","protected":false},"excerpt":{"rendered":"<p>Verantwortlich f\u00fcr die Inhalte auf dieser Seite ist Tabea Pontius, Dresden. Die genaue Adresse k\u00f6nnen Sie gerne erfragen, siehe Kontakt. F\u00fcr die Inhalte Dritter und verlinkte Inhalte \u00fcbernehme ich keine Haftung.<\/p>\n","protected":false},"author":1,"featured_media":0,"parent":0,"menu_order":6,"comment_status":"closed","ping_status":"closed","template":"","meta":{"footnotes":""},"class_list":["post-46","page","type-page","status-publish","hentry","entry"],"_links":{"self":[{"href":"https:\/\/supervision-pontius.de\/index.php?rest_route=\/wp\/v2\/pages\/46","targetHints":{"allow":["GET"]}}],"collection":[{"href":"https:\/\/supervision-pontius.de\/index.php?rest_route=\/wp\/v2\/pages"}],"about":[{"href":"https:\/\/supervision-pontius.de\/index.php?rest_route=\/wp\/v2\/types\/page"}],"author":[{"embeddable":true,"href":"https:\/\/supervision-pontius.de\/index.php?rest_route=\/wp\/v2\/users\/1"}],"replies":[{"embeddable":true,"href":"https:\/\/supervision-pontius.de\/index.php?rest_route=%2Fwp%2Fv2%2Fcomments&post=46"}],"version-history":[{"count":1,"href":"https:\/\/supervision-pontius.de\/index.php?rest_route=\/wp\/v2\/pages\/46\/revisions"}],"predecessor-version":[{"id":47,"href":"https:\/\/supervision-pontius.de\/index.php?rest_route=\/wp\/v2\/pages\/46\/revisions\/47"}],"wp:attachment":[{"href":"https:\/\/supervision-pontius.de\/index.php?rest_route=%2Fwp%2Fv2%2Fmedia&parent=46"}],"curies":[{"name":"wp","href":"https:\/\/api.w.org\/{rel}","templated":true}]}}