{"id":40,"date":"2019-09-26T17:27:26","date_gmt":"2019-09-26T16:27:26","guid":{"rendered":"http:\/\/supervision-pontius.de\/?page_id=40"},"modified":"2026-03-22T18:54:28","modified_gmt":"2026-03-22T17:54:28","slug":"aktuelles","status":"publish","type":"page","link":"https:\/\/supervision-pontius.de\/?page_id=40","title":{"rendered":"Angebote"},"content":{"rendered":"\n<figure class=\"wp-block-image size-large\"><img loading=\"lazy\" decoding=\"async\" width=\"721\" height=\"1024\" src=\"https:\/\/supervision-pontius.de\/wp-content\/uploads\/2026\/03\/Image-1-721x1024.jpg\" alt=\"\" class=\"wp-image-132\" srcset=\"https:\/\/supervision-pontius.de\/wp-content\/uploads\/2026\/03\/Image-1-721x1024.jpg 721w, https:\/\/supervision-pontius.de\/wp-content\/uploads\/2026\/03\/Image-1-211x300.jpg 211w, https:\/\/supervision-pontius.de\/wp-content\/uploads\/2026\/03\/Image-1-768x1090.jpg 768w, https:\/\/supervision-pontius.de\/wp-content\/uploads\/2026\/03\/Image-1.jpg 985w\" sizes=\"auto, (max-width: 721px) 100vw, 721px\" \/><\/figure>\n\n\n\n<p><strong>Wir m\u00f6chten Ihnen ein besonderes Angebot machen:<\/strong><br>Eine Kombination aus kreativem Arbeiten am Stein und begleitender Selbsterfahrung mit gef\u00fchrten Reflexionsm\u00f6glichkeiten.<br>In diesem Kurs k\u00f6nnen Sie Ihrer Kreativit\u00e4t auf unterschiedlichen Ebenen freien Lauf lassen. Sie k\u00f6nnen innerlich und \u00e4u\u00dferlich neue Perspektiven einnehmen und den Umgang mit Widerst\u00e4nden und Ungewissem im Handeln und Denken erproben. Sie werden exemplarisch Verwandlung erleben und etwas bisher Verborgenes freilegen. Die meditative Entschleunigung des Bildhauens und die Erfahrung, sich dabei auf einen ergebnisoffenen kreativen Prozess einzulassen, werden in diesem Workshop mit gef\u00fchrter Selbsterfahrung und Reflexion begleitet und erg\u00e4nzt. <\/p>\n\n\n\n<p>Auch der Transfer des Gelernten oder Angesto\u00dfenen in die Praxis Ihres beruflichen Handlungsfeldes ist m\u00f6glich: Was k\u00f6nnten unsere Erfahrungen beim Steinhauen mit unserem Bild der Rolle als Leiter*in\/p\u00e4dagogische Fachkraft und\/oder unserer Idee vom F\u00fchren und F\u00fchrenlassen zu tun haben?<br>Wie gelingt es uns, das Ganze im Blick zu behalten und doch am Detail zu arbeiten? Was ist bisher verborgen und will sich nun zeigen?\u2026 Je nach Ihrem Fokus werden wir passende Themen setzen und Fragen stellen. <\/p>\n\n\n\n<p>Sie k\u00f6nnen dieses Angebot f\u00fcr Ihr gesamtes Team (bis zu 12 Personen) oder als Leitungsworkshop (bis zu 10 Personen) anfragen und buchen. Es eignet sich f\u00fcr Teamtage, Leitungsklausuren, Fort- und Weiterbildungen. <\/p>\n\n\n\n<p>Es sind keine Vorerfahrungen notwendig.<br>Wir kommen gerne zu Ihnen oder suchen gemeinsam einen passenden Ort in Ihrer N\u00e4he. In Dresden laden wir Sie im Sommerhalbjahr auch gerne in unser Atelier nach Tolkewitz ein.<\/p>\n\n\n\n<p><\/p>\n\n\n\n<h3 class=\"wp-block-heading\"><strong>Supervision | Coaching | <strong>Teamentwicklung<\/strong><\/strong> | <strong>Fortbildung | Moderation | Biografiearbeit<\/strong><\/h3>\n\n\n\n<p>Sie bestimmen die Inhalte und Ziele und sind verantwortlich f\u00fcr diese, ich biete Ihnen eine Struktur und einen Rahmen und \u00fcbernehme die Verantwortung f\u00fcr den Prozess.<\/p>\n\n\n\n<p>Ich begleite Sie mit verschiedenen systemischen, l\u00f6sungs- und ressourcenorientierten Methoden auf Ihrem Weg zu Ihrem Ziel. Es ist mir wichtig, dass alle geh\u00f6rt und gesehen werden und jede Meinung einen geeigneten Raum findet.<\/p>\n\n\n\n<p><\/p>\n\n\n\n<h3 class=\"wp-block-heading\"><strong>Supervision<\/strong><\/h3>\n\n\n\n<p>ist eine Beratungsform, um das berufliche Handeln als Einzelperson, in der Gruppe oder im Team zu reflektieren und Herausforderungen mit Abstand zu betrachten. Ziel ist die Erweiterung von Perspektiven und Handlungsoptionen, die Suche nach L\u00f6sungen f\u00fcr Ihre Fragen und Themen.<\/p>\n\n\n\n<p>Supervision dient somit der Professionalisierung von beruflichem Handeln und versteht sich auch als ein Instrument der Qualit\u00e4tsentwicklung, der Teamentwicklung sowie der Gesundheitsf\u00f6rderung von Mitarbeiter*innen.<\/p>\n\n\n\n<p><\/p>\n\n\n\n<h3 class=\"wp-block-heading\"><strong>Coaching<\/strong><\/h3>\n\n\n\n<p>unterst\u00fctzt Menschen in der pers\u00f6nlichen und beruflichen Weiterentwicklung ihrer (Selbst)F\u00fchrungskompetenzen. Sie werden bei der Realisierung Ihrer Anliegen unterst\u00fctzt, dabei gehen wir gemeinsam in einem gesch\u00fctzten Rahmen auf die Suche nach Ressourcen und L\u00f6sungsm\u00f6glichkeiten.<\/p>\n\n\n\n<p><\/p>\n\n\n\n<h3 class=\"wp-block-heading\"><strong>Teamentwicklung<\/strong><\/h3>\n\n\n\n<p>unterst\u00fctzt die Mitglieder eines Teams bei Fragen, z.B. zur Teamkultur, Teamkommunikation, Zusammenarbeit, Entwicklung von gemeinsamen Leitbildern, etc.<\/p>\n\n\n\n<p><\/p>\n\n\n\n<h3 class=\"wp-block-heading\"><strong>Fortbildung<\/strong><\/h3>\n\n\n\n<p>Diese k\u00f6nnen als Workshops von 3-4 Stunden oder auch als Teamtage von 6-8 Stunden geplant werden. Mir ist wichtig, dass neben der Wissensvermittlung immer auch Zeiten f\u00fcr Selbst- und Praxisreflexion vorhanden sind und die Themen einen guten Transfer in die Praxis erhalten.<\/p>\n\n\n\n<p><em>Themen f\u00fcr die Fort- und Weiterbildung:<\/em><\/p>\n\n\n\n<ul class=\"wp-block-list\">\n<li>Moderation und Methoden von kollegialer Beratung<\/li>\n\n\n\n<li>Biografiearbeit zur Selbstreflexion<\/li>\n\n\n\n<li>Ressourcenorientierte Teamentwicklung<\/li>\n\n\n\n<li>Arbeit in und mit heterogenen, multiprofessionellen Teams<\/li>\n\n\n\n<li>Gesundheitsf\u00f6rderung\/ Selbstf\u00fcrsorge<\/li>\n\n\n\n<li>Lebenskompetenzf\u00f6rderung bei Kindern<\/li>\n\n\n\n<li>Lebenslagensensibilit\u00e4t, Resilienzkonzepte<\/li>\n\n\n\n<li>systemisches Arbeiten in Krippe, Kita und Hort<\/li>\n\n\n\n<li>l\u00f6sungsorientierte Gespr\u00e4chsf\u00fchrung<\/li>\n<\/ul>\n\n\n\n<p>Weitere Themen auf Anfrage. Gerne komme ich zu Ihnen ins Team\/ Haus\/ Institut, bitte nehmen Sie Kontakt zu mir auf.<\/p>\n\n\n\n<p><\/p>\n\n\n\n<h3 class=\"wp-block-heading\"><strong>Moderation<\/strong><\/h3>\n\n\n\n<p>unterst\u00fctzt Teams und Gro\u00dfgruppen, ihre Ziele zu erreichen und verschiedenste Themen- und Aufgabenstellungen zu bearbeiten.<\/p>\n\n\n\n<p><\/p>\n\n\n\n<h3 class=\"wp-block-heading\"><strong>Biografiearbeit<\/strong><\/h3>\n\n\n\n<p>unterst\u00fctzt Einzelne, ihren bisherigen (Lebens-)Weg besser zu verstehen, gute Gr\u00fcnde f\u00fcr bestimmte Entwicklungen zu entdecken und eigene Ressourcen freizulegen. Ebenso kann eine Verortung im Familiensystem und eine Reflexion der Wechselwirkungen Thema sein und weitere Entwicklung erm\u00f6glichen.<\/p>\n\n\n\n<p>In Teams kann Biografiearbeit dem bessern gegenseitigen Verst\u00e4ndnis der Mitarbeiter*innen und deren Haltungen und Handlungen im beruflichen Kontext dienen.<\/p>\n\n\n\n<p><\/p>\n","protected":false},"excerpt":{"rendered":"<p>Wir m\u00f6chten Ihnen ein besonderes Angebot machen:Eine Kombination aus kreativem Arbeiten am Stein und begleitender Selbsterfahrung mit gef\u00fchrten Reflexionsm\u00f6glichkeiten.In diesem Kurs k\u00f6nnen Sie Ihrer Kreativit\u00e4t auf unterschiedlichen Ebenen freien Lauf lassen. Sie k\u00f6nnen innerlich und \u00e4u\u00dferlich neue Perspektiven einnehmen und den Umgang mit Widerst\u00e4nden und Ungewissem im Handeln und Denken erproben. Sie werden exemplarisch Verwandlung &hellip; <\/p>\n<p class=\"link-more\"><a href=\"https:\/\/supervision-pontius.de\/?page_id=40\" class=\"more-link\"><span class=\"screen-reader-text\">\u201eAngebote\u201c <\/span>weiterlesen<\/a><\/p>\n","protected":false},"author":1,"featured_media":0,"parent":0,"menu_order":1,"comment_status":"closed","ping_status":"closed","template":"","meta":{"footnotes":""},"class_list":["post-40","page","type-page","status-publish","hentry","entry"],"_links":{"self":[{"href":"https:\/\/supervision-pontius.de\/index.php?rest_route=\/wp\/v2\/pages\/40","targetHints":{"allow":["GET"]}}],"collection":[{"href":"https:\/\/supervision-pontius.de\/index.php?rest_route=\/wp\/v2\/pages"}],"about":[{"href":"https:\/\/supervision-pontius.de\/index.php?rest_route=\/wp\/v2\/types\/page"}],"author":[{"embeddable":true,"href":"https:\/\/supervision-pontius.de\/index.php?rest_route=\/wp\/v2\/users\/1"}],"replies":[{"embeddable":true,"href":"https:\/\/supervision-pontius.de\/index.php?rest_route=%2Fwp%2Fv2%2Fcomments&post=40"}],"version-history":[{"count":15,"href":"https:\/\/supervision-pontius.de\/index.php?rest_route=\/wp\/v2\/pages\/40\/revisions"}],"predecessor-version":[{"id":138,"href":"https:\/\/supervision-pontius.de\/index.php?rest_route=\/wp\/v2\/pages\/40\/revisions\/138"}],"wp:attachment":[{"href":"https:\/\/supervision-pontius.de\/index.php?rest_route=%2Fwp%2Fv2%2Fmedia&parent=40"}],"curies":[{"name":"wp","href":"https:\/\/api.w.org\/{rel}","templated":true}]}}